{"id":14,"date":"2023-12-12T15:39:10","date_gmt":"2023-12-12T18:39:10","guid":{"rendered":"https:\/\/vivaleveinstituto.com\/?page_id=14"},"modified":"2024-04-25T11:09:39","modified_gmt":"2024-04-25T14:09:39","slug":"home","status":"publish","type":"page","link":"https:\/\/vivaleveinstituto.com\/","title":{"rendered":"Home"},"content":{"rendered":"\n<div class=\"wp-block-cover alignfull is-light hestia-clear-top-padding\"><span aria-hidden=\"true\" class=\"wp-block-cover__background has-white-background-color has-background-dim-100 has-background-dim\"><\/span><div class=\"wp-block-cover__inner-container is-layout-flow wp-block-cover-is-layout-flow\">\n<h2 class=\"wp-block-heading has-text-align-center has-text-color\" style=\"color:#3c4858\"><\/h2>\n\n\n\n<div style=\"height:40px\" aria-hidden=\"true\" class=\"wp-block-spacer\"><\/div>\n\n\n\n<div class=\"wp-block-columns container is-layout-flex wp-container-core-columns-is-layout-1 wp-block-columns-is-layout-flex\">\n<div class=\"wp-block-column is-layout-flow wp-block-column-is-layout-flow\"><div class=\"wp-block-image is-style-rounded\">\n<figure class=\"aligncenter size-full wp-duotone-unset-1\"><img fetchpriority=\"high\" decoding=\"async\" width=\"960\" height=\"1280\" src=\"https:\/\/ml7lxd9noy08.i.optimole.com\/w:auto\/h:auto\/q:mauto\/ig:avif\/https:\/\/vivaleveinstituto.com\/wp-content\/uploads\/2024\/02\/Imagem-do-WhatsApp-de-2024-02-29-as-15.14.12_6f0f6d46.jpg\" alt=\"Palestra EIC - Autoconhecimento\" class=\"wp-image-151\"\/><\/figure><\/div>\n\n\n<h5 class=\"wp-block-heading has-text-align-center has-text-color\" style=\"color:#3c4858;font-size:18px\">Palestra EIC &#8211; Autoconhecimento<\/h5>\n\n\n\n<div style=\"height:25px\" aria-hidden=\"true\" class=\"wp-block-spacer\"><\/div>\n<\/div>\n\n\n\n<div class=\"wp-block-column is-layout-flow wp-block-column-is-layout-flow\"><div class=\"wp-block-image is-style-rounded\">\n<figure class=\"aligncenter size-full\"><img fetchpriority=\"high\" decoding=\"async\" width=\"768\" height=\"1024\" src=\"https:\/\/ml7lxd9noy08.i.optimole.com\/w:auto\/h:auto\/q:mauto\/ig:avif\/https:\/\/vivaleveinstituto.com\/wp-content\/uploads\/2024\/02\/Imagem-do-WhatsApp-de-2024-02-29-as-15.14.17_0189cd92.jpg\" alt=\"Evento - 1\u00aa Egr\u00e9gora de Mulheres\" class=\"wp-image-147\"\/><\/figure><\/div>\n\n\n<h5 class=\"wp-block-heading has-text-align-center has-text-color\" style=\"color:#3c4858;font-size:18px\">Evento &#8211; 1\u00aa Egr\u00e9gora de Mulheres<\/h5>\n\n\n\n<div style=\"height:25px\" aria-hidden=\"true\" class=\"wp-block-spacer\"><\/div>\n<\/div>\n\n\n\n<div class=\"wp-block-column is-layout-flow wp-block-column-is-layout-flow\"><div class=\"wp-block-image is-style-rounded\">\n<figure class=\"aligncenter size-full\"><img data-opt-src=\"https:\/\/ml7lxd9noy08.i.optimole.com\/w:auto\/h:auto\/q:mauto\/ig:avif\/https:\/\/vivaleveinstituto.com\/wp-content\/uploads\/2024\/02\/Imagem-do-WhatsApp-de-2024-02-29-as-20.04.41_529d4b8c.jpg\"  decoding=\"async\" width=\"1200\" height=\"1600\" src=\"data:image/svg+xml,%3Csvg%20viewBox%3D%220%200%20100%%20100%%22%20width%3D%22100%%22%20height%3D%22100%%22%20xmlns%3D%22http%3A%2F%2Fwww.w3.org%2F2000%2Fsvg%22%3E%3Crect%20width%3D%22100%%22%20height%3D%22100%%22%20fill%3D%22transparent%22%2F%3E%3C%2Fsvg%3E\" alt=\"XV Cihela 2023\" class=\"wp-image-167\"\/><\/figure><\/div>\n\n\n<h5 class=\"wp-block-heading has-text-align-center has-text-color\" style=\"color:#3c4858;font-size:18px\">XV Cihela 2023<\/h5>\n\n\n\n<div style=\"height:25px\" aria-hidden=\"true\" class=\"wp-block-spacer\"><\/div>\n<\/div>\n<\/div>\n\n\n\n<div style=\"height:41px\" aria-hidden=\"true\" class=\"wp-block-spacer\"><\/div>\n<\/div><\/div>\n\n\n\n<div class=\"wp-block-columns container is-layout-flex wp-container-core-columns-is-layout-2 wp-block-columns-is-layout-flex\">\n<div class=\"wp-block-column col-md-5 is-layout-flow wp-block-column-is-layout-flow\">\n<div style=\"height:55px\" aria-hidden=\"true\" class=\"wp-block-spacer\"><\/div>\n\n\n\n<h2 class=\"wp-block-heading\">Eliane Maria Amaro<\/h2>\n\n\n\n<p class=\"has-text-align-left\">Mestre em Educa\u00e7\u00e3o pela Universidade Federal da Grande Dourados (UFGD). Integrante do Grupo de Pesquisa Hist\u00f3ria da Educa\u00e7\u00e3o, Mem\u00f3ria e Sociedade (GEPHEMES). Graduada em Pedagogia pela Universidade Federal de Mato Grosso do Sul (UFMS). <\/p>\n\n\n\n<p>Possui vasta experi\u00eancia na \u00e1rea de educa\u00e7\u00e3o b\u00e1sica, com \u00eanfase em Educa\u00e7\u00e3o Infantil e Educa\u00e7\u00e3o Especial (especialista) e gest\u00e3o escolar (especialista), atuando em supervis\u00e3o, coordena\u00e7\u00e3o e orienta\u00e7\u00e3o. Practitioner em Programa\u00e7\u00e3o Neurolingu\u00edstica. <\/p>\n\n\n\n<p>Atua como Supervisora Educacional da Escola Franciscana Imaculada Concei\u00e7\u00e3o desde 2009 e realiza mentoria, por meio do Instituto Viva Leve (@vivaleveinstituto), em educa\u00e7\u00e3o (curr\u00edculo, avalia\u00e7\u00e3o, Atendimento Educacional Especializado, processos e metodologias educacionais), gest\u00e3o de pessoas e processos de trabalho, autoconhecimento, energia vital, ciclicidade feminina, projeto de vida e banho de floresta.<\/p>\n<\/div>\n\n\n\n<div class=\"wp-block-column col-md-6 col-md-offset1 is-layout-flow wp-block-column-is-layout-flow\">\n<div style=\"height:55px\" aria-hidden=\"true\" class=\"wp-block-spacer\"><\/div>\n\n\n\n<figure class=\"wp-block-image size-full is-style-rounded\"><img data-opt-src=\"https:\/\/ml7lxd9noy08.i.optimole.com\/w:auto\/h:auto\/q:mauto\/ig:avif\/https:\/\/vivaleveinstituto.com\/wp-content\/uploads\/2024\/02\/Imagem-do-WhatsApp-de-2024-02-29-as-19.45.34_917bf9b8.jpg\"  decoding=\"async\" width=\"961\" height=\"964\" src=\"data:image/svg+xml,%3Csvg%20viewBox%3D%220%200%20100%%20100%%22%20width%3D%22100%%22%20height%3D%22100%%22%20xmlns%3D%22http%3A%2F%2Fwww.w3.org%2F2000%2Fsvg%22%3E%3Crect%20width%3D%22100%%22%20height%3D%22100%%22%20fill%3D%22transparent%22%2F%3E%3C%2Fsvg%3E\" alt=\"\" class=\"wp-image-149\"\/><\/figure>\n<\/div>\n<\/div>\n","protected":false},"excerpt":{"rendered":"<p>Eliane Maria Amaro Mestre em Educa\u00e7\u00e3o pela Universidade Federal da Grande Dourados (UFGD). Integrante do Grupo de Pesquisa Hist\u00f3ria da Educa\u00e7\u00e3o, Mem\u00f3ria e Sociedade (GEPHEMES). Graduada em Pedagogia pela Universidade Federal de Mato Grosso do Sul (UFMS). Possui vasta experi\u00eancia na \u00e1rea de educa\u00e7\u00e3o b\u00e1sica, com \u00eanfase em Educa\u00e7\u00e3o Infantil [&hellip;]<\/p>\n","protected":false},"author":1,"featured_media":78,"parent":0,"menu_order":0,"comment_status":"closed","ping_status":"closed","template":"","meta":{"om_disable_all_campaigns":false,"_monsterinsights_skip_tracking":false,"_monsterinsights_sitenote_active":false,"_monsterinsights_sitenote_note":"","_monsterinsights_sitenote_category":0,"footnotes":""},"aioseo_notices":[],"_links":{"self":[{"href":"https:\/\/vivaleveinstituto.com\/index.php\/wp-json\/wp\/v2\/pages\/14"}],"collection":[{"href":"https:\/\/vivaleveinstituto.com\/index.php\/wp-json\/wp\/v2\/pages"}],"about":[{"href":"https:\/\/vivaleveinstituto.com\/index.php\/wp-json\/wp\/v2\/types\/page"}],"author":[{"embeddable":true,"href":"https:\/\/vivaleveinstituto.com\/index.php\/wp-json\/wp\/v2\/users\/1"}],"replies":[{"embeddable":true,"href":"https:\/\/vivaleveinstituto.com\/index.php\/wp-json\/wp\/v2\/comments?post=14"}],"version-history":[{"count":28,"href":"https:\/\/vivaleveinstituto.com\/index.php\/wp-json\/wp\/v2\/pages\/14\/revisions"}],"predecessor-version":[{"id":237,"href":"https:\/\/vivaleveinstituto.com\/index.php\/wp-json\/wp\/v2\/pages\/14\/revisions\/237"}],"wp:featuredmedia":[{"embeddable":true,"href":"https:\/\/vivaleveinstituto.com\/index.php\/wp-json\/wp\/v2\/media\/78"}],"wp:attachment":[{"href":"https:\/\/vivaleveinstituto.com\/index.php\/wp-json\/wp\/v2\/media?parent=14"}],"curies":[{"name":"wp","href":"https:\/\/api.w.org\/{rel}","templated":true}]}}