{"id":212,"date":"2024-04-24T19:01:42","date_gmt":"2024-04-24T22:01:42","guid":{"rendered":"https:\/\/vivaleveinstituto.com\/?page_id=212"},"modified":"2024-04-25T11:29:13","modified_gmt":"2024-04-25T14:29:13","slug":"egregorademulheres","status":"publish","type":"page","link":"https:\/\/vivaleveinstituto.com\/index.php\/egregorademulheres\/","title":{"rendered":"1\u00aa Egr\u00e9gora de Mulheres \u00e0 Beira do Rio: Espiritualidade, Energia Feminina e Autoconhecimento"},"content":{"rendered":"\n<p><strong>Imers\u00e3o:<\/strong> <strong>PARA O CANSA\u00c7O, EU MERE\u00c7O O DESCANSO.<\/strong><\/p>\n\n\n\n<figure class=\"wp-block-image size-full is-resized is-style-default\"><img fetchpriority=\"high\" decoding=\"async\" width=\"768\" height=\"441\" src=\"https:\/\/ml7lxd9noy08.i.optimole.com\/w:auto\/h:auto\/q:mauto\/ig:avif\/https:\/\/vivaleveinstituto.com\/wp-content\/uploads\/2024\/04\/cropped-IMG-20231007-WA00582.jpg\" alt=\"\" class=\"wp-image-225\" style=\"aspect-ratio:16\/9;object-fit:contain;width:930px;height:auto\"\/><\/figure>\n\n\n\n<p><strong>Mentora: <\/strong>Eliane Maria Amaro (Mulher, M\u00e3e, Av\u00f3, Mestre, Practitioner PNL, Amante da natureza, em especial no trato com a terra e plantinhas.&nbsp; Estudiosa da Energia vital, dan\u00e7a circular e banho de floresta e Adepta a vida simples e descomplicada)&nbsp;<\/p>\n\n\n\n<p><strong>P\u00fablico: <\/strong>Mulheres da ASTEC<\/p>\n\n\n\n<p><strong>Local: <\/strong>S\u00edtio Guiana &#8211; Bonito-MS<\/p>\n\n\n\n<p><strong>Data:<\/strong> 07\/10\/2023<\/p>\n\n\n\n<p><strong>Hor\u00e1rio:<\/strong> das 8h \u00e0s 12h30min<\/p>\n\n\n\n<p><strong>Objetivo geral<\/strong>:&nbsp;<\/p>\n\n\n\n<ul>\n<li>Olhar para si, identificar a divina ciclicidade feminina e suas fases hormonais e acreditar na possibilidade de gerenciar o tempo do \u201cser Mulher\u201d na atualidade, em vias de priorizar o descanso ou atividade orante, meditativa prazerosa, que gera bem estar, implicando na melhor proatividade pessoal e profissional.<\/li>\n<\/ul>\n\n\n\n<p><strong>Objetivo espec\u00edfico:<\/strong>&nbsp;&nbsp;<\/p>\n\n\n\n<ul>\n<li>Olhar para si e identificar for\u00e7as e vulnerabilidades e alinhar o cotidiano pessoal&nbsp; e profissional;<\/li>\n\n\n\n<li>Dan\u00e7ar livremente e, de forma circular, para conex\u00e3o como corpo, mente e esp\u00edrito;<\/li>\n\n\n\n<li>Conhecer&nbsp; a ciclicidade hormonal feminina espec\u00edfica do corpo da mulher;<\/li>\n\n\n\n<li>identificar os benef\u00edcios da medita\u00e7\u00e3o\/ora\u00e7\u00e3o, da&nbsp; dan\u00e7a (ora\u00e7\u00e3o sem palavras) e do contato com a natureza e acreditar na possibilidade da administra\u00e7\u00e3o espiritual do tempo, do \u201cser Mulher\u201d, implicando na qualidade de vida pessoal e profissional.<\/li>\n<\/ul>\n\n\n\n<p><strong>Para as participantes:<\/strong><\/p>\n\n\n\n<ul>\n<li>Ficha de inscri\u00e7\u00e3o no forms&nbsp;<\/li>\n\n\n\n<li>No dia uso roupa leve confort\u00e1vel, de prefer\u00eancia estar de vestido ou saia rodada,, rasteirinha ou chinelo tipo havaiana,&nbsp; preparada para andar descal\u00e7a, roupa de banho,canga, forro para sentar no ch\u00e3o.<\/li>\n\n\n\n<li>Trazer um espelho pequeno que d\u00ea para segurar com as m\u00e3os.<\/li>\n\n\n\n<li>Trazer um objeto pessoal que representa, para voc\u00ea: o seu ser MULHER<\/li>\n\n\n\n<li>Trazer um objeto pessoal que representa, para voc\u00ea:&nbsp; sua ESPIRITUALIDADE<\/li>\n<\/ul>\n\n\n\n<p><strong>Organiza\u00e7\u00e3o do Espa\u00e7o<\/strong><\/p>\n\n\n\n<ul>\n<li>Uma cadeira para foto no in\u00edcio e no final<\/li>\n\n\n\n<li>Espa\u00e7o agrad\u00e1vel&nbsp; para a roda com flores, ou apenas uma rosa, e os s\u00edmbolos o seu ser MULHER e&nbsp; sua ESPIRITUALIDADE<\/li>\n\n\n\n<li>Um dispersor com \u00f3leo essencial de ger\u00e2nio,&nbsp; em local estrat\u00e9gico no ambiente<\/li>\n\n\n\n<li>Cadeiras em n\u00famero suficiente para o escalda p\u00e9s, no final<\/li>\n\n\n\n<li>Vasilha ou vasilhas para aquecer o ch\u00e1 (camomila e hibisco)&nbsp; do escalda p\u00e9s com&nbsp;<\/li>\n\n\n\n<li>Caixa de som para reprodu\u00e7\u00e3o das m\u00fasicas<\/li>\n\n\n\n<li>Espa\u00e7o para deixar os mimos<\/li>\n\n\n\n<li>Espa\u00e7o para o lanche, ch\u00e1s, sucos&nbsp;<\/li>\n<\/ul>\n\n\n\n<p><a href=\"https:\/\/docs.google.com\/document\/d\/1seY1dj-Kx5OLMb3mdXKeo-u6qMnOqO6jWFSN27nLAd8\/edit?usp=sharing\" title=\"\"><strong>Cronograma do Evento<\/strong><\/a><\/p>\n\n\n\n<p><strong><a href=\"https:\/\/drive.google.com\/drive\/folders\/1-14p7PchVFIgdjsfaDAj0MyMKtGUEq8t?usp=sharing\" title=\"\">Fotos e V\u00eddeos &#8211; 1\u00aa Egr\u00e9gora de Mulheres<\/a> <\/strong><\/p>\n\n\n\n\n\n\n\n\n\n\n\n\n\n\n","protected":false},"excerpt":{"rendered":"<p>Imers\u00e3o: PARA O CANSA\u00c7O, EU MERE\u00c7O O DESCANSO. Mentora: Eliane Maria Amaro (Mulher, M\u00e3e, Av\u00f3, Mestre, Practitioner PNL, Amante da natureza, em especial no trato com a terra e plantinhas.&nbsp; Estudiosa da Energia vital, dan\u00e7a circular e banho de floresta e Adepta a vida simples e descomplicada)&nbsp; P\u00fablico: Mulheres da [&hellip;]<\/p>\n","protected":false},"author":1,"featured_media":0,"parent":0,"menu_order":0,"comment_status":"closed","ping_status":"closed","template":"","meta":{"om_disable_all_campaigns":false,"_monsterinsights_skip_tracking":false,"_monsterinsights_sitenote_active":false,"_monsterinsights_sitenote_note":"","_monsterinsights_sitenote_category":0,"footnotes":""},"aioseo_notices":[],"_links":{"self":[{"href":"https:\/\/vivaleveinstituto.com\/index.php\/wp-json\/wp\/v2\/pages\/212"}],"collection":[{"href":"https:\/\/vivaleveinstituto.com\/index.php\/wp-json\/wp\/v2\/pages"}],"about":[{"href":"https:\/\/vivaleveinstituto.com\/index.php\/wp-json\/wp\/v2\/types\/page"}],"author":[{"embeddable":true,"href":"https:\/\/vivaleveinstituto.com\/index.php\/wp-json\/wp\/v2\/users\/1"}],"replies":[{"embeddable":true,"href":"https:\/\/vivaleveinstituto.com\/index.php\/wp-json\/wp\/v2\/comments?post=212"}],"version-history":[{"count":15,"href":"https:\/\/vivaleveinstituto.com\/index.php\/wp-json\/wp\/v2\/pages\/212\/revisions"}],"predecessor-version":[{"id":248,"href":"https:\/\/vivaleveinstituto.com\/index.php\/wp-json\/wp\/v2\/pages\/212\/revisions\/248"}],"wp:attachment":[{"href":"https:\/\/vivaleveinstituto.com\/index.php\/wp-json\/wp\/v2\/media?parent=212"}],"curies":[{"name":"wp","href":"https:\/\/api.w.org\/{rel}","templated":true}]}}